{"id":603,"date":"2026-04-13T21:35:00","date_gmt":"2026-04-13T19:35:00","guid":{"rendered":"https:\/\/www.borghiospitali.org\/?page_id=603"},"modified":"2026-04-16T17:36:54","modified_gmt":"2026-04-16T15:36:54","slug":"percorso-vino","status":"publish","type":"page","link":"https:\/\/www.borghiospitali.org\/?page_id=603","title":{"rendered":"Percorso vino\u00a0\u00a0"},"content":{"rendered":"\t\t<div data-elementor-type=\"wp-page\" data-elementor-id=\"603\" class=\"elementor elementor-603\">\n\t\t\t\t<div class=\"elementor-element elementor-element-2b097e61 e-flex e-con-boxed e-con e-parent\" data-id=\"2b097e61\" data-element_type=\"container\" data-e-type=\"container\">\n\t\t\t\t\t<div class=\"e-con-inner\">\n\t\t\t\t<div class=\"elementor-element elementor-element-53db0b0 elementor-widget elementor-widget-text-editor\" data-id=\"53db0b0\" data-element_type=\"widget\" data-e-type=\"widget\" data-widget_type=\"text-editor.default\">\n\t\t\t\t<div class=\"elementor-widget-container\">\n\t\t\t\t\t\t\t\t\t<hr class=\"wp-block-separator has-alpha-channel-opacity\" \/>\n<p class=\"has-text-align-center\"><strong><em>Percorsi Ospitali in Provincia di Chieti<\/em><\/strong><\/p>\n<hr class=\"wp-block-separator has-alpha-channel-opacity\" \/>\n<p>\u00a0\u00a0\u00a0\u00a0\u00a0\u00a0\u00a0\u00a0\u00a0\u00a0\u00a0<\/p>\n\n<figure data-spectra-id=\"spectra-mnxl638l-zl3tu1\" class=\"wp-block-image size-large\"><img fetchpriority=\"high\" decoding=\"async\" width=\"1024\" height=\"510\" class=\"wp-image-605\" src=\"https:\/\/www.borghiospitali.org\/wp-content\/uploads\/2026\/04\/percorso-vino-1024x510.png\" alt=\"Percorso Vino 1024x510\" title=\"Percorso vino\u00a0\u00a0\" srcset=\"https:\/\/www.borghiospitali.org\/wp-content\/uploads\/2026\/04\/percorso-vino-1024x510.png 1024w, https:\/\/www.borghiospitali.org\/wp-content\/uploads\/2026\/04\/percorso-vino-300x149.png 300w, https:\/\/www.borghiospitali.org\/wp-content\/uploads\/2026\/04\/percorso-vino-768x383.png 768w, https:\/\/www.borghiospitali.org\/wp-content\/uploads\/2026\/04\/percorso-vino.png 1028w\" sizes=\"(max-width: 1024px) 100vw, 1024px\" \/><\/figure>\n\n<p>\u00a0<\/p>\n<hr \/>\n<p style=\"text-align: center;\">Punto di partenza consigliato: <strong>Ripa Teatina.<\/strong><\/p>\n\n<p style=\"text-align: center;\">Dista da Pescara 23 km.<\/p>\n\n<p style=\"text-align: center;\">Se si arriva:<\/p>\n\n<p style=\"text-align: center;\">. Alla Stazione di Pescara Centrale<\/p>\n\n<p style=\"text-align: center;\">. alla stazione Centrale dei pullman<\/p>\n\n<p style=\"text-align: center;\">. all\u2019Aeroporto D\u2019Abruzzo<\/p>\n\n<p style=\"text-align: center;\">\u00e8 necessario noleggiare un\u2019auto.<\/p>\n\n<p style=\"text-align: center;\">Se si arriva dall\u2019autostrada A 14<\/p>\n\n<p style=\"text-align: center;\">bisogna prendere l\u2019uscita \u201cPescara Sud\u201d<\/p>\n<hr class=\"wp-block-separator has-alpha-channel-opacity\" \/>\n<p style=\"text-align: center;\"><strong>Da\u00a0 Ripa Teatina<\/strong><\/p>\n\n<p style=\"text-align: center;\">Miglianico\u00a0 6,1 km<\/p>\n\n<p style=\"text-align: center;\">Tollo 5,5 km<\/p>\n\n<p style=\"text-align: center;\">Canosa Sannita 6 km<\/p>\n\n<p style=\"text-align: center;\">Arielli 4,3 km<\/p>\n\n<p style=\"text-align: center;\">Poggiofiorito 2,2 km<\/p>\n\n<p style=\"text-align: center;\">Frisa 6,2 km<\/p>\n\n<p style=\"text-align: center;\">Santa Maria Imbaro 13 km<\/p>\n\n<p style=\"text-align: center;\">Paglieta 11 km<\/p>\n\n<p style=\"text-align: center;\">Tot. Km. Circa 55\u00a0 km<\/p>\n<hr class=\"wp-block-separator has-alpha-channel-opacity\" \/>\n<p class=\"has-text-align-center\"><strong>RIPA TEATINA<\/strong><\/p>\n\n<p>Il paese si trova su una collina ed \u00e8 circondato da altre alture e da ampie vallate interamente tappezzate dalle tipiche coltivazioni della zona. L&#8217;origine di Ripa Teatina risale ad uno dei primi insediamenti abitativi dei Marrucini, antico popolo italico. Nel 1484 Alfonso II d&#8217;Aragona, fa costruire a sue spese, a protezione del paese, grosse mura di cinta con torri di difesa ancora oggi esistenti. L&#8217;importanza delle torri \u00e8 testimoniata dal fatto che l&#8217;antico torrione in grossa muratura \u00e8 stato preso a simbolo del Comune ed \u00e8 rappresentato nei timbri e nel Gonfalone del Municipio di Ripa teatina.<\/p>\n\n<p><strong>Luoghi da visitare:<\/strong><\/p>\n\n<p><em>Convento di santa Maria della Piet\u00e0 &#8211; Chiesa Madre di San Pietro Apostolo\u00a0 &#8211; Dipinto Madonna del Sudore di Sangue &#8211; Statua raffigurante Santa Maria del Popolo \u2013<\/em><\/p>\n\n<p><em>\u00a0Palazzo Monaco- Palazzo Angelucci -Esposizione in onore di Rocky Marciano e Rocky Mattioli, allestita all\u2019interno de Torrione &#8211; \u00a0La statua di Rocky Marciano che celebra il famoso pugile originario del paese.<\/em><\/p>\n\n<p><strong>Contatti<\/strong>: Segreteria sindaco, tel. +39 0871 391542<\/p>\n\n<p>\u00a0\u00a0\u00a0\u00a0\u00a0\u00a0\u00a0\u00a0\u00a0\u00a0\u00a0\u00a0\u00a0\u00a0 \u00a0\u00a0 sindaco@comune.ripateatina.ch.it<\/p>\n\n<p style=\"text-align: center;\"><strong>MIGLIANICO<\/strong><\/p>\n\n<p>La fondazione del paese risale all\u2019ultimo secolo dell\u2019Alto Medioevo, come baluardo di avvistamento dei Longobardi, poi si svilupp\u00f2 in epoca normanna e divenne sede del feudo principale della famiglia Valignani nel XVI secolo. La produzione di vino distingue l\u2019economia del territorio comunale, dove sono presenti attivit\u00e0 artigianali ed industriali (macchine agricole, produzioni alimentari, arredamenti) poste prevalentemente nella Val di Foro. Nel suo territorio insiste l\u2019unico campo da golf a 18 buche della regione Abruzzo e presenta numerose strutture sportive, oltre ad essere sede di un\u2019accademia musicale e di un premio di poesia nazionale.<\/p>\n\n<p><strong>Luoghi di interesse:<\/strong><\/p>\n\n<p><em>Chiesa di San Michele Arcangelo (Santuario di San Pantaleone) &#8211; Casa delle Monache Sant\u2019Anna (Casa della cultura) \u2013 Chiesa rurale di San Pantaleone \u2013 Chiesa rurale della Madonna delle Piane \u2013 Dimora Masci\u00a0 ( ex castello baronale) \u2013 Chiesa rurale di Sant\u2019Antonio Abate \u2013 Fontana civica del Mascherone.<\/em><\/p>\n\n<p><strong>Contatti<\/strong>: Pro loco Miglianico, tel. +39 328 2885148<\/p>\n\n<p>\u00a0\u00a0\u00a0\u00a0\u00a0\u00a0\u00a0\u00a0\u00a0\u00a0\u00a0\u00a0\u00a0\u00a0 \u00a0\u00a0\u00a0\u00a0 Proloco.miglianico@gmail.com<\/p>\n\n<p class=\"has-text-align-center\"><strong>TOLLO<\/strong><\/p>\n\n<p>Le origini di Tollo non sono definite. La leggenda narra che sia stata invasa dai saraceni a met\u00e0 del XVI secolo. Ha dato origine a importanti uomini di legge e politici come Antonio Nolli e Nicola Nicolini. Durante il secondo conflitto mondiale il territorio \u00e8 stato completamente distrutto. \u00a0La sua economia \u00e8 basata quasi esclusivamente sulla coltivazione dell\u2019uva e sulla produzione dei vini famosi in tutto il mondo.<\/p>\n\n<p><strong>Luoghi di interesse:<\/strong><\/p>\n\n<p><em>Chiesa Maria SS. dell\u2019Assunta- EnoMuseo &#8211; Fontana monumentale-Belvedere- Pista Ciclabile Via dei Mulini.<\/em><\/p>\n\n<p>E\u2019 possibile fare percorsi natura &#8211;\u00a0 percorsi trekking\u00a0 &#8211;\u00a0 percorsi mountain bike.<\/p>\n\n<p><strong>Contatti<\/strong>: Simone Puca, tel. +39 329 983 5839<\/p>\n\n<p>\u00a0\u00a0\u00a0\u00a0\u00a0\u00a0\u00a0\u00a0\u00a0\u00a0\u00a0\u00a0\u00a0\u00a0\u00a0\u00a0\u00a0\u00a0\u00a0\u00a0 simonepuca89@gmail.com<\/p>\n\n<p class=\"has-text-align-center\"><strong>CANOSA SANNITA<\/strong><\/p>\n\n<p>Canosa Sannita \u00e8 situata su una collina a pochi chilometri dal madre Adriatico, tra i torrenti Sant\u2019Onofrio e La Venna. Antico centro di origine bizantina, era noto per l&#8217;importante produzione di macine da mulino commissionate da tutto il Paese. Non lontano dall\u2019insediamento abitativo sono ancora visibili alcune delle grotte, scavate nella sabbia, utilizzate come rifugio dai briganti e dal pi\u00f9 noto di essi, Nunziato Mecola che fu protagonista di diverse scorribande nella seconda met\u00e0 del 1800. Il paese ospita il Museo della Pace e della Guerra, che racconta i principali conflitti italiani dal Risorgimento alla Seconda guerra mondiale. Il museo \u00e8 situato all\u2019interno dello storico Palazzo Martucci, edificio sopravvissuto ai bombardamenti della Seconda Guerra Mondiale che conserva intatta la sua eleganza architettonica. A pochi passi si snoda il corso principale che conduce al suggestivo centro storico, cuore pulsante della vita cittadina, tra scorci pittoreschi, edifici storici e tradizioni che resistono nel tempo.<\/p>\n\n<p><strong>Luoghi di interesse:<\/strong><\/p>\n\n<p><em>Chiesa SS Filippo e Giacomo &#8211; Palazzo Martucci &#8211; Via Panoramica &#8211; Via Vittorio Emanuele &#8211; Chiesa di Moggio -Via del Tratturo.<\/em><\/p>\n\n<p><strong>Contatti<\/strong>: Alfredo Di Cola, tel. +39 328 928 2474<\/p>\n\n<p>\u00a0\u00a0\u00a0\u00a0\u00a0\u00a0\u00a0\u00a0\u00a0\u00a0\u00a0\u00a0\u00a0\u00a0\u00a0\u00a0\u00a0\u00a0\u00a0\u00a0 alfredodicola@gmail.com<\/p>\n\n<p class=\"has-text-align-center\"><strong>ARIELLI<\/strong><\/p>\n\n<p>Arielli sorge su un\u2019amena collina dove vi scorre l\u2019omonimo fiume. Caratteristico \u00e8 anche il suo centro storico con antiche chiese che racchiudono testimonianze di alto valore storico e culturale. Antico borgo di pastai con antichi mulini ad acqua. \u00a0<\/p>\n\n<p><strong>Luoghi di interesse:<\/strong><\/p>\n\n<p><em>Chiesa di San Michele Arcangelo &#8211; Chiesa Madonna delle Grazie &#8211; Statua della Madonna con bambino- L\u2019ex Spedale_antico rifugio dei viandanti &#8211; Fontane abbeveratoi \u201cLu mal dice\u201d &#8211; Lavatoio pubblico- Belvedere del Brigante- Grotta in Localit\u00e0 Villa Carloni dove nel 1944 si consum\u00f2 un eccidio (all\u2019interno di essa furono trucidate 19 persone e per questo nel \u00a02024 il comune fu insignito della Medaglia d\u2019oro al merito civile) .<\/em><\/p>\n\n<p>\u00c8 possibile fare percorsi natura &#8211; percorsi trekking &#8211; percorsi mountain bike<\/p>\n\n<p>Contatti: Loris Scioletti, tel. +39 388 657 4540<\/p>\n\n<p>\u00a0\u00a0\u00a0\u00a0\u00a0\u00a0\u00a0\u00a0\u00a0\u00a0\u00a0\u00a0\u00a0\u00a0\u00a0\u00a0\u00a0\u00a0 loris.scioletti@gmail.com<\/p>\n\n<p class=\"has-text-align-center\"><strong>POGGIOFIORITO<\/strong><\/p>\n\n<p>E\u2019 un piccolo paese collinare posto a met\u00e0 dell\u2019asse Marrucino che collega Ortona a Guardiagrele, ricco di vigneti ed uliveti. La storia di Poggiofiorito \u00e8 stata sempre collegata alla quella della vicina Arielli, popolata dai feudatari dei Baroni di Arielli. Il paese ha cambiano varie denominazioni: Casale nel 1522, Villanova nel 1592, Villanova di Arielli, Viallarielli, Vill\u2019Arielli e solo il 31 luglio 1911, con il Regio Decreto, si separa da Arielli diventando Comune con il nome di Poggiofiorito. Nel territorio comunale, in particolare lungo il Regio Tratturo Magno, sono stati ritrovati frammenti di vasellame, mosaici, ceppi funerari tutti risalenti all\u2019epoca romana. Inoltre, \u00e8 stata ritrovata una statuetta di 12 cm raffigurante Ercole, divinit\u00e0 romana del I e II sec. a.C., attualmente esposta al Museo Civico della Civitella di Chieti.\u00a0 La parte pi\u00f9 antica del paese viene tutt\u2019ora chiamata \u201cLanciana Vicchie\u201d (Lanciano Vecchia). Alla fine del 1488 alcuni abitanti turbolenti: ladri, schiavoni, ma anche ebrei, slavi, ecc. vennero allontanati da Lanciano e trovarono rifugio nei territori limitrofi, arrivando anche nel territorio di Casale, l\u2019attuale Poggiofiorito. Il paese nella Seconda guerra mondiale fu quasi del tutto raso al suolo dai pesanti bombardamenti che hanno impegnato la linea Gustav. Anche la Chiesa di San Matteo Apostolo, risalente al 1592, fu completamente distrutta.<\/p>\n\n<p><strong>Luoghi di interesse:<\/strong><\/p>\n\n<p><em>Chiesa di San Matteo Apostolo &#8211; Giardino pubblico &#8211; Ex palazzo comunale &#8211; Fonte Santa Maria &#8211; Museo del Folclore &#8211; Archivio Associazione Culturale \u201cTommaso Coccione\u201d.<\/em><\/p>\n\n<p><strong>Contatti: <\/strong>Raffaella Coccione, tel. +39 349 664 1382<\/p>\n\n<p>\u00a0\u00a0\u00a0\u00a0\u00a0\u00a0\u00a0\u00a0\u00a0\u00a0\u00a0\u00a0\u00a0\u00a0\u00a0\u00a0\u00a0\u00a0\u00a0\u00a0 raffaellacoccione@gmail.com<\/p>\n\n<p class=\"has-text-align-center\"><strong>FRISA<\/strong><\/p>\n\n<p>Frisa \u00e8 un caratteristico borgo fortificato che nasce sulla collina tra le vallate del Fiume Moro e del Fiume Feltrino, a met\u00e0 tra la Costa dei Trabocchi e la Maiella. Il paese conserva un\u2019atmosfera autentica e accogliente con il suo centro storico fatto di vicoli, piazzette e antiche architetture che raccontano secoli di storia. Il territorio \u00e8 circondato da colline ricoperte di vigneti e uliveti, che rendono Frisa protagonista della produzione dei prestigiosi vini abruzzesi, come il Montepulciano d\u2019Abruzzo e il Trebbiano. Vivace nelle tradizioni, nelle feste popolari e nella cultura enogastronomica, Frisa e le due frazioni Badia e Guastameroli, sono una meta ideale per chi cerca la tranquillit\u00e0 della campagna abruzzese unita alla ricchezza del patrimonio culturale, artistico e naturale della regione. Frisa prende parte dell\u2019Associazione Nazionale \u201cCitt\u00e0 del Vino\u201d.<\/p>\n\n<p><strong>Luoghi di interesse:<\/strong><\/p>\n\n<p><em>Palazzo Baronale Caccianini \u2013 Pinacoteca Comunale Michele Ursini \u2013 Borgo fortificato \u2013 Belvedere di Santa Caterina \u2013 Santuario Madonna del Popolo \u2013 Chiesa parrocchiale di San Filippo Neri \u2013 Chiesa di San Pantaleone Martire \u2013 Chiesa parrocchiale di Santa Lucia Verginee Martire \u2013 Chiesa di Maria Ss. Assunta \u2013 Padiglione della Transumanza \u2013 Vulcanetti di fango ( al confine con il comune di Poggiofiorito).<\/em><\/p>\n\n<p><strong>Contatti<\/strong>: Nicola Labrozzi, tel. +39 330 431 674<\/p>\n\n<p>\u00a0\u00a0\u00a0\u00a0\u00a0\u00a0\u00a0\u00a0\u00a0\u00a0\u00a0\u00a0\u00a0\u00a0\u00a0\u00a0\u00a0\u00a0\u00a0\u00a0 sindaco@comune.frisa.ch.it<\/p>\n\n<p class=\"has-text-align-center\"><strong>SANTA MARIA IMBARO<\/strong><\/p>\n\n<p>Sorge su uno sperone roccioso alla sinistra del fiume Sangro su basse colline, vicino al mare. Le sue origini non sono del tutto note ma gli studiosi ritengono che ci ci fosse un insediamento umano gi\u00e0 in epoca romana. Il paese prende il nome dalla chiesa che si trovava sull&#8217;antichissimo tratturo L&#8217;Aquila-Foggia, che conduceva in Puglia da qui &#8220;Sancta Maria in viam Bari&#8221; ed infine Santa Maria Imbaro. Il centro storico del paese si presenta come un caratteristico borgo, interessante poich\u00e9 presenta alcune importanti testimonianze storiche che attestano le sue antiche origini. Ricca di oliveti, vigneti e ortofrutta. \u00c8 tipica, infatti, la produzione di olio di oliva di elevatissima qualit\u00e0.<\/p>\n\n<p><strong>Luoghi di interesse:<\/strong><\/p>\n\n<p><em>Santuario Mariano dell\u2019XII secolo \u2013 Chiesa Santissima Madre di Dio \u2013 Tratturo Magno L\u2019Aquila \u2013 Foggia \u2013 Palazzo Acciarri.<\/em><\/p>\n\n<p><strong>Contatti<\/strong>: Imelda Giurastante, tel. +39 392 978 0942<\/p>\n\n<p>\u00a0\u00a0\u00a0\u00a0\u00a0\u00a0\u00a0\u00a0\u00a0\u00a0\u00a0\u00a0\u00a0\u00a0\u00a0\u00a0\u00a0\u00a0\u00a0\u00a0 info@comune.santamariaimbaro.ch<\/p>\n\n<p class=\"has-text-align-center\"><strong>PAGLIETA<\/strong><\/p>\n\n<p>Il nome di Paglieta deriva certamente dal latino \u201cpalea\u201d che vuol dire \u201cpaglia\u201d. In latino volgare \u201cpalleta\u201d significa anche mucchio grande di paglia e grano. La storia di Paglieta affonda le sue origini in epoche remote, con testimonianze che la indicano come antico presidio Frentano e successiva colonia romana. Da un ritrovamento archeologico molto importante avvenuto nel territorio comunale di Paglieta nel 1960, \u201cI dischi corazza da Paglieta\u201d, datati VI secolo a.C., si deduce che questo paese fosse abitato gi\u00e0 in epoca italica. Il paese appare in documenti storici a partire dal 1087 e nel periodo medievale \u00e8 protetto da un sistema di mura difensive di cui oggi restano la Torre della Porta e il Torrione. Il castello di Paglieta \u00e8 menzionato come uno dei sette castelli di San Giovanni in Venere; esso viene attaccato dal condottiero Odet de Foix nel 1528, ma il popolo di Paglieta oppone una fiera resistenza. Nel 1603 Carlo Pignatelli diviene Marchese del castello. La vita del borgo subisce modifiche significative nel Settecento. Il paese partecipa ai moti dell\u2019Unit\u00e0 d\u2019Italia con Giuseppe Tretta, che diviene un maggiore garibaldino. Paglieta \u00e8 coinvolta negli eventi della Seconda Guerra Mondiale, trovandosi sulla Linea Gustav, il fronte che divideva l&#8217;Italia, e subisce un&#8217;occupazione da parte delle truppe alleate, che vi creano un campo per il riposo delle truppe. Qui, nel 1943, tiene il quartier generale l\u2019Ottava Armata Britannica comandata dal generale Montgomery.<\/p>\n\n<p><strong>Luoghi di interesse<\/strong><\/p>\n\n<p><em>Chiesa di Santa Maria Assunta &#8211; Chiesa di San Canziano &#8211; Chiesa di San Rocco &#8211; Chiesa di San Vincenzo Ferrer e di Sant\u2019Egidio &#8211; Piazza Roma &#8211; Il Castello, bens\u00ec perimetro murario medievale del Borgo &#8211; Torre della Porta di Paglieta &#8211; Torrione medievale di forma circolare &#8211; Centro storico (Palazzo Piccirilli, Palazzo Ducale, Scuderie, Casa del generale Montgomery) &#8211; Palazzo Mariani &#8211; Il Belvedere &#8211; Fontana Vecchia &#8211; Museo delle Tradizioni Popolari.<\/em><\/p>\n\n<p><strong>Contatti: <\/strong>Domenico Di Florio, tel. +39 346 7287156<\/p>\n\n<p>\u00a0\u00a0\u00a0\u00a0\u00a0\u00a0\u00a0\u00a0\u00a0\u00a0\u00a0\u00a0\u00a0\u00a0\u00a0\u00a0\u00a0\u00a0\u00a0\u00a0 domenicodiflorio@gmail.com<\/p>\n\n<p>Tutti i borghi si caratterizzano oltre che per la bellezza del paesaggio anche per l\u2019ottimo cibo con piatti tipici di eccellente prelibatezza da provare nei ristoranti caratteristici.<\/p>\n\n<p>Questi percorsi offrono un\u2019immersione nella campagna e nei borghi, tra vigneti, uliveti e antichi mulini ad acqua, luoghi di alta cultura storica e architettonica. Gli amanti dello sport troveranno percorsi trekking, percorsi da percorrere in bike o a piedi attraverso sentieri.<\/p>\n\t\t\t\t\t\t\t\t<\/div>\n\t\t\t\t<\/div>\n\t\t\t\t\t<\/div>\n\t\t\t\t<\/div>\n\t\t<div class=\"elementor-element elementor-element-f45c853 e-flex e-con-boxed e-con e-parent\" data-id=\"f45c853\" data-element_type=\"container\" data-e-type=\"container\">\n\t\t\t\t\t<div class=\"e-con-inner\">\n\t\t\t\t<div class=\"elementor-element elementor-element-c31dac3 elementor-widget elementor-widget-image\" data-id=\"c31dac3\" data-element_type=\"widget\" data-e-type=\"widget\" data-widget_type=\"image.default\">\n\t\t\t\t<div class=\"elementor-widget-container\">\n\t\t\t\t\t\t\t\t\t\t\t\t\t\t\t<img decoding=\"async\" width=\"1024\" height=\"1024\" src=\"https:\/\/www.borghiospitali.org\/wp-content\/uploads\/2026\/04\/percorso-vino_def_compressed_page-0004-1024x1024.jpg\" class=\"attachment-large size-large wp-image-1706\" alt=\"percorso vino\" srcset=\"https:\/\/www.borghiospitali.org\/wp-content\/uploads\/2026\/04\/percorso-vino_def_compressed_page-0004-1024x1024.jpg 1024w, https:\/\/www.borghiospitali.org\/wp-content\/uploads\/2026\/04\/percorso-vino_def_compressed_page-0004-300x300.jpg 300w, https:\/\/www.borghiospitali.org\/wp-content\/uploads\/2026\/04\/percorso-vino_def_compressed_page-0004-150x150.jpg 150w, https:\/\/www.borghiospitali.org\/wp-content\/uploads\/2026\/04\/percorso-vino_def_compressed_page-0004-768x768.jpg 768w, https:\/\/www.borghiospitali.org\/wp-content\/uploads\/2026\/04\/percorso-vino_def_compressed_page-0004-12x12.jpg 12w, https:\/\/www.borghiospitali.org\/wp-content\/uploads\/2026\/04\/percorso-vino_def_compressed_page-0004.jpg 1300w\" sizes=\"(max-width: 1024px) 100vw, 1024px\" title=\"Percorso vino\u00a0\u00a0\">\t\t\t\t\t\t\t\t\t\t\t\t\t\t\t<\/div>\n\t\t\t\t<\/div>\n\t\t\t\t\t<\/div>\n\t\t\t\t<\/div>\n\t\t<div class=\"elementor-element elementor-element-bddd931 e-flex e-con-boxed e-con e-parent\" data-id=\"bddd931\" data-element_type=\"container\" data-e-type=\"container\">\n\t\t\t\t\t<div class=\"e-con-inner\">\n\t\t\t\t<div class=\"elementor-element elementor-element-a24bdd3 elementor-widget elementor-widget-text-editor\" data-id=\"a24bdd3\" data-element_type=\"widget\" data-e-type=\"widget\" data-widget_type=\"text-editor.default\">\n\t\t\t\t<div class=\"elementor-widget-container\">\n\t\t\t\t\t\t\t\t\t<h3 style=\"text-align: center;\">Scarica il pdf della brochure<\/h3>\t\t\t\t\t\t\t\t<\/div>\n\t\t\t\t<\/div>\n\t\t\t\t\t<\/div>\n\t\t\t\t<\/div>\n\t\t<div class=\"elementor-element elementor-element-9538bf6 e-flex e-con-boxed e-con e-parent\" data-id=\"9538bf6\" data-element_type=\"container\" data-e-type=\"container\">\n\t\t\t\t\t<div class=\"e-con-inner\">\n\t\t\t\t<div class=\"elementor-element elementor-element-30ab403 elementor-button-info elementor-align-center elementor-widget elementor-widget-button\" data-id=\"30ab403\" data-element_type=\"widget\" data-e-type=\"widget\" data-widget_type=\"button.default\">\n\t\t\t\t<div class=\"elementor-widget-container\">\n\t\t\t\t\t\t\t\t\t<div class=\"elementor-button-wrapper\">\n\t\t\t\t\t<a class=\"elementor-button elementor-button-link elementor-size-sm\" href=\"\">\n\t\t\t\t\t\t<span class=\"elementor-button-content-wrapper\">\n\t\t\t\t\t\t\t\t\t<span class=\"elementor-button-text\">Fai clic qui<\/span>\n\t\t\t\t\t<\/span>\n\t\t\t\t\t<\/a>\n\t\t\t\t<\/div>\n\t\t\t\t\t\t\t\t<\/div>\n\t\t\t\t<\/div>\n\t\t\t\t\t<\/div>\n\t\t\t\t<\/div>\n\t\t\t\t<\/div>\n\t\t","protected":false},"excerpt":{"rendered":"<p>Percorsi Ospitali in Provincia di Chieti \u00a0\u00a0\u00a0\u00a0\u00a0\u00a0\u00a0\u00a0\u00a0\u00a0\u00a0 \u00a0 Punto di partenza consigliato: Ripa Teatina. Dista da Pescara 23 km. Se si arriva: . Alla Stazione di Pescara Centrale . alla stazione Centrale dei pullman . all\u2019Aeroporto D\u2019Abruzzo \u00e8 necessario noleggiare un\u2019auto. Se si arriva dall\u2019autostrada A 14 bisogna prendere l\u2019uscita \u201cPescara Sud\u201d Da\u00a0 Ripa Teatina [&hellip;]<\/p>\n","protected":false},"author":1,"featured_media":0,"parent":0,"menu_order":0,"comment_status":"closed","ping_status":"closed","template":"","meta":{"_uag_custom_page_level_css":"","site-sidebar-layout":"default","site-content-layout":"","ast-site-content-layout":"default","site-content-style":"default","site-sidebar-style":"default","ast-global-header-display":"","ast-banner-title-visibility":"","ast-main-header-display":"","ast-hfb-above-header-display":"","ast-hfb-below-header-display":"","ast-hfb-mobile-header-display":"","site-post-title":"","ast-breadcrumbs-content":"","ast-featured-img":"","footer-sml-layout":"","ast-disable-related-posts":"","theme-transparent-header-meta":"","adv-header-id-meta":"","stick-header-meta":"","header-above-stick-meta":"","header-main-stick-meta":"","header-below-stick-meta":"","astra-migrate-meta-layouts":"default","ast-page-background-enabled":"default","ast-page-background-meta":{"desktop":{"background-color":"","background-image":"","background-repeat":"repeat","background-position":"center center","background-size":"auto","background-attachment":"scroll","background-type":"","background-media":"","overlay-type":"","overlay-color":"","overlay-opacity":"","overlay-gradient":""},"tablet":{"background-color":"","background-image":"","background-repeat":"repeat","background-position":"center center","background-size":"auto","background-attachment":"scroll","background-type":"","background-media":"","overlay-type":"","overlay-color":"","overlay-opacity":"","overlay-gradient":""},"mobile":{"background-color":"","background-image":"","background-repeat":"repeat","background-position":"center center","background-size":"auto","background-attachment":"scroll","background-type":"","background-media":"","overlay-type":"","overlay-color":"","overlay-opacity":"","overlay-gradient":""}},"ast-content-background-meta":{"desktop":{"background-color":"var(--ast-global-color-5)","background-image":"","background-repeat":"repeat","background-position":"center center","background-size":"auto","background-attachment":"scroll","background-type":"","background-media":"","overlay-type":"","overlay-color":"","overlay-opacity":"","overlay-gradient":""},"tablet":{"background-color":"var(--ast-global-color-5)","background-image":"","background-repeat":"repeat","background-position":"center center","background-size":"auto","background-attachment":"scroll","background-type":"","background-media":"","overlay-type":"","overlay-color":"","overlay-opacity":"","overlay-gradient":""},"mobile":{"background-color":"var(--ast-global-color-5)","background-image":"","background-repeat":"repeat","background-position":"center center","background-size":"auto","background-attachment":"scroll","background-type":"","background-media":"","overlay-type":"","overlay-color":"","overlay-opacity":"","overlay-gradient":""}},"footnotes":""},"class_list":["post-603","page","type-page","status-publish","hentry"],"uagb_featured_image_src":{"full":false,"thumbnail":false,"medium":false,"medium_large":false,"large":false,"1536x1536":false,"2048x2048":false,"trp-custom-language-flag":false},"uagb_author_info":{"display_name":"www.borghiospitali.org","author_link":"https:\/\/www.borghiospitali.org\/?author=1"},"uagb_comment_info":0,"uagb_excerpt":"Percorsi Ospitali in Provincia di Chieti \u00a0\u00a0\u00a0\u00a0\u00a0\u00a0\u00a0\u00a0\u00a0\u00a0\u00a0 \u00a0 Punto di partenza consigliato: Ripa Teatina. Dista da Pescara 23 km. Se si arriva: . Alla Stazione di Pescara Centrale . alla stazione Centrale dei pullman . all\u2019Aeroporto D\u2019Abruzzo \u00e8 necessario noleggiare un\u2019auto. Se si arriva dall\u2019autostrada A 14 bisogna prendere l\u2019uscita \u201cPescara Sud\u201d Da\u00a0 Ripa Teatina&hellip;","_links":{"self":[{"href":"https:\/\/www.borghiospitali.org\/index.php?rest_route=\/wp\/v2\/pages\/603","targetHints":{"allow":["GET"]}}],"collection":[{"href":"https:\/\/www.borghiospitali.org\/index.php?rest_route=\/wp\/v2\/pages"}],"about":[{"href":"https:\/\/www.borghiospitali.org\/index.php?rest_route=\/wp\/v2\/types\/page"}],"author":[{"embeddable":true,"href":"https:\/\/www.borghiospitali.org\/index.php?rest_route=\/wp\/v2\/users\/1"}],"replies":[{"embeddable":true,"href":"https:\/\/www.borghiospitali.org\/index.php?rest_route=%2Fwp%2Fv2%2Fcomments&post=603"}],"version-history":[{"count":12,"href":"https:\/\/www.borghiospitali.org\/index.php?rest_route=\/wp\/v2\/pages\/603\/revisions"}],"predecessor-version":[{"id":1891,"href":"https:\/\/www.borghiospitali.org\/index.php?rest_route=\/wp\/v2\/pages\/603\/revisions\/1891"}],"wp:attachment":[{"href":"https:\/\/www.borghiospitali.org\/index.php?rest_route=%2Fwp%2Fv2%2Fmedia&parent=603"}],"curies":[{"name":"wp","href":"https:\/\/api.w.org\/{rel}","templated":true}]}}