{"id":630,"date":"2026-04-13T22:07:34","date_gmt":"2026-04-13T20:07:34","guid":{"rendered":"https:\/\/www.borghiospitali.org\/?page_id=630"},"modified":"2026-04-14T18:26:00","modified_gmt":"2026-04-14T16:26:00","slug":"altino","status":"publish","type":"page","link":"https:\/\/www.borghiospitali.org\/?page_id=630","title":{"rendered":"ALTINO"},"content":{"rendered":"\t\t<div data-elementor-type=\"wp-page\" data-elementor-id=\"630\" class=\"elementor elementor-630\">\n\t\t\t\t<div class=\"elementor-element elementor-element-4464965c e-flex e-con-boxed e-con e-parent\" data-id=\"4464965c\" data-element_type=\"container\" data-e-type=\"container\">\n\t\t\t\t\t<div class=\"e-con-inner\">\n\t\t\t\t<div class=\"elementor-element elementor-element-484834af elementor-widget elementor-widget-text-editor\" data-id=\"484834af\" data-element_type=\"widget\" data-e-type=\"widget\" data-widget_type=\"text-editor.default\">\n\t\t\t\t<div class=\"elementor-widget-container\">\n\t\t\t\t\t\t\t\t\t\n<hr class=\"wp-block-separator has-alpha-channel-opacity\"\/>\n\n\n\n<p>Il borgo di Altino, risalente all\u2019epoca medioevale, \u00e8 situato su uno sperone roccioso ed \u00e8 circondato da paesaggi meravigliosi; percorribile sia a piedi che in macchina, presenta numerosi vicoli e stradine. Tra le antiche abitazioni assumono rilevanza significativa palazzi nobiliari con numerosi dipinti e oggetti storici. Secondo quanto narrato da una leggenda, Altino sarebbe stata fondata nel 452da profughi veneti sfuggiti ad Attila, il quale incendi\u00f2 il porto militare romano ad Altinum. Pertanto, i profughi veneti sarebbero approdati alla foce del fiume Sangro e, individuata la roccia immersa nel verde (ora Altino), l\u2019avrebbero scelta come luogo ideale per stabilirvi un villaggio. Lo sperone roccioso era difeso da tre fiumi che, con i loro corsi, costituivano un fossato difensivo naturale di notevole efficacia. L\u2019origine del borgo risale al medioevo e di ci\u00f2 i caratteristici vicoli che lo attraversano ne rappresentano la testimonianza pi\u00f9 tangibile. Durante il brigantaggio sub\u00ec saccheggi e scorrerie, ad opera dei briganti. Nel dopoguerra, a seguito della bonifica del fiume Sangro, la popolazione si \u00e8 trasferita, dalla parte collinare al centro storico, alla zona valliva costituita dalla frazione di Selva, che oggi \u00e8 sede di numerose attivit\u00e0. Nel corso della Seconda guerra mondiale, nella Battaglia del Sangro, il paese di Altino, attraversato dalla line di GUSTAV, fu interessato dalla Battaglia del Monte Calvario che vide il prevalere degli alleati sulle forze dell\u2019asse dopo una settimana di scontri cruenti.<\/p>\n\n\n\n<p><strong>Luoghi di interesse:<\/strong><\/p>\n\n\n\n<p><em>Parrocchia Santa Maria del Popolo &#8211; Chiesa Madonna delle Grazie &#8211; Palazzo Sirolli &#8211; Fontane\/Lavatoi &#8211; Fontana monumentale &#8211; Monumento dell\u2019emigrante &#8211; Monumento del combattente &#8211; Chiesa di San Rocco &#8211; La casa del peperone (Museo del Peperone dolce).<\/em><\/p>\n\n\n\n<p><strong>Contatti: <\/strong>Antonio Camiscia, tel. +39 338 919 1322<\/p>\n\n\n\n<p>&nbsp;&nbsp;&nbsp;&nbsp;&nbsp;&nbsp;&nbsp;&nbsp;&nbsp;&nbsp;&nbsp;&nbsp;&nbsp;&nbsp;&nbsp;&nbsp;&nbsp;&nbsp;&nbsp; protocollo@comune.altino.ch.it<\/p>\n\n\n\n<div data-spectra-id=\"spectra-mnxmgxq0-5etvkz\" style=\"--spectra-text-color: inherit; --spectra-overlay-opacity: 100;\" class=\"spectra-overlay-color spectra-text-color spectra-dim-ratio wp-block-spectra-slider\" id=\"spectra-slider-8\" data-swiper=\"{&quot;slidesPerView&quot;:1,&quot;spaceBetween&quot;:30,&quot;loop&quot;:false,&quot;navigation&quot;:{&quot;enabled&quot;:true,&quot;nextEl&quot;:&quot;.swiper-button-next&quot;,&quot;prevEl&quot;:&quot;.swiper-button-prev&quot;},&quot;pagination&quot;:{&quot;enabled&quot;:true,&quot;el&quot;:&quot;.swiper-pagination&quot;,&quot;clickable&quot;:true},&quot;autoplay&quot;:false,&quot;allowTouchMove&quot;:true,&quot;breakpoints&quot;:{&quot;0&quot;:{&quot;slidesPerView&quot;:1,&quot;spaceBetween&quot;:30},&quot;768&quot;:{&quot;slidesPerView&quot;:1,&quot;spaceBetween&quot;:30},&quot;1024&quot;:{&quot;slidesPerView&quot;:1,&quot;spaceBetween&quot;:30}}}\" data-modules=\"[]\">\n\n\t<div class=\"spectra-slider-container\">\n\t\t<div class=\"swiper\">\n\t\t\t<div class=\"swiper-wrapper\" aria-live=\"polite\">\n\t\t\t\t\n\n<div data-spectra-id=\"spectra-mnxmgxql-3khlth\" style=\"--spectra-overlay-opacity: 100\" class=\"swiper-slide spectra-overlay-color spectra-dim-ratio wp-block-spectra-slider-child\" id=\"spectra-slider-5\">\n\t\t<div class=\"slide-content\">\n\t\t\n\n<figure data-spectra-id=\"spectra-mnxmh1u2-elfvov\" class=\"wp-block-image size-large\"><img fetchpriority=\"high\" decoding=\"async\" width=\"1024\" height=\"768\" src=\"https:\/\/www.borghiospitali.org\/wp-content\/uploads\/2026\/04\/Altino-1-1024x768.jpg\" alt=\"Altino 1 1024x768\" class=\"wp-image-631\" title=\"ALTINO\" srcset=\"https:\/\/www.borghiospitali.org\/wp-content\/uploads\/2026\/04\/Altino-1-1024x768.jpg 1024w, https:\/\/www.borghiospitali.org\/wp-content\/uploads\/2026\/04\/Altino-1-300x225.jpg 300w, https:\/\/www.borghiospitali.org\/wp-content\/uploads\/2026\/04\/Altino-1-768x576.jpg 768w, https:\/\/www.borghiospitali.org\/wp-content\/uploads\/2026\/04\/Altino-1-1536x1152.jpg 1536w, https:\/\/www.borghiospitali.org\/wp-content\/uploads\/2026\/04\/Altino-1-2048x1536.jpg 2048w\" sizes=\"(max-width: 1024px) 100vw, 1024px\" \/><\/figure>\n\n\t<\/div>\n<\/div>\n\n\n\n<div data-spectra-id=\"spectra-mnxmgxqp-we4ox1\" style=\"--spectra-overlay-opacity: 100\" class=\"swiper-slide spectra-overlay-color spectra-dim-ratio wp-block-spectra-slider-child\" id=\"spectra-slider-6\">\n\t\t<div class=\"slide-content\">\n\t\t\n\n<figure data-spectra-id=\"spectra-mnxmhcr3-sdhnaz\" class=\"wp-block-image size-large\"><img decoding=\"async\" width=\"1024\" height=\"768\" src=\"https:\/\/www.borghiospitali.org\/wp-content\/uploads\/2026\/04\/Altino-2-1024x768.jpg\" alt=\"Altino 2 1024x768\" class=\"wp-image-632\" title=\"ALTINO\" srcset=\"https:\/\/www.borghiospitali.org\/wp-content\/uploads\/2026\/04\/Altino-2-1024x768.jpg 1024w, https:\/\/www.borghiospitali.org\/wp-content\/uploads\/2026\/04\/Altino-2-300x225.jpg 300w, https:\/\/www.borghiospitali.org\/wp-content\/uploads\/2026\/04\/Altino-2-768x576.jpg 768w, https:\/\/www.borghiospitali.org\/wp-content\/uploads\/2026\/04\/Altino-2-1536x1152.jpg 1536w, https:\/\/www.borghiospitali.org\/wp-content\/uploads\/2026\/04\/Altino-2-2048x1536.jpg 2048w\" sizes=\"(max-width: 1024px) 100vw, 1024px\" \/><\/figure>\n\n\t<\/div>\n<\/div>\n\n\n\n<div data-spectra-id=\"spectra-mnxmgxqq-bd3xwb\" style=\"--spectra-overlay-opacity: 100\" class=\"swiper-slide spectra-overlay-color spectra-dim-ratio wp-block-spectra-slider-child\" id=\"spectra-slider-7\">\n\t\t<div class=\"slide-content\">\n\t\t\n\n<figure data-spectra-id=\"spectra-mnxmhk99-031jsp\" class=\"wp-block-image size-large\"><img decoding=\"async\" width=\"1024\" height=\"680\" src=\"https:\/\/www.borghiospitali.org\/wp-content\/uploads\/2026\/04\/Altino-3-1024x680.jpg\" alt=\"Altino 3 1024x680\" class=\"wp-image-633\" title=\"ALTINO\" srcset=\"https:\/\/www.borghiospitali.org\/wp-content\/uploads\/2026\/04\/Altino-3-1024x680.jpg 1024w, https:\/\/www.borghiospitali.org\/wp-content\/uploads\/2026\/04\/Altino-3-300x199.jpg 300w, https:\/\/www.borghiospitali.org\/wp-content\/uploads\/2026\/04\/Altino-3-768x510.jpg 768w, https:\/\/www.borghiospitali.org\/wp-content\/uploads\/2026\/04\/Altino-3-1536x1020.jpg 1536w, https:\/\/www.borghiospitali.org\/wp-content\/uploads\/2026\/04\/Altino-3-2048x1360.jpg 2048w\" sizes=\"(max-width: 1024px) 100vw, 1024px\" \/><\/figure>\n\n\t<\/div>\n<\/div>\n\n\t\t\t<\/div>\n\t\t<\/div>\n\n\t\t\t\t\t<div class=\"spectra-slider-navigation\" role=\"group\" aria-label=\"Slider navigation controls\">\n\t\t\t\t<div \n\t\t\t\t\tclass=\"swiper-button-prev\" \n\t\t\t\t\trole=\"button\"\n\t\t\t\t\taria-label=\"Previous slide\"\n\t\t\t\t\tdata-role=\"none\"\n\t\t\t\t\ttabindex=\"0\"\n\t\t\t\t>\n\t\t\t\t\t<span class=\"screen-reader-text\">Previous slide<\/span>\n\t\t\t\t\t\t\t\t<svg class=\"spectra-icon\" xmlns=\"https:\/\/www.w3.org\/2000\/svg\" viewBox= \"0 0 448 512\"\n\t\t\t\t focusable=\"false\" aria-hidden=\"true\"\t\t\t><path d=\"M447.1 256C447.1 273.7 433.7 288 416 288H109.3l105.4 105.4c12.5 12.5 12.5 32.75 0 45.25C208.4 444.9 200.2 448 192 448s-16.38-3.125-22.62-9.375l-160-160c-12.5-12.5-12.5-32.75 0-45.25l160-160c12.5-12.5 32.75-12.5 45.25 0s12.5 32.75 0 45.25L109.3 224H416C433.7 224 447.1 238.3 447.1 256z\"><\/path><\/svg>\n\t\t\t\t\t\t\t<\/div>\n\t\t\t\t<div \n\t\t\t\t\tclass=\"swiper-button-next\" \n\t\t\t\t\trole=\"button\"\n\t\t\t\t\taria-label=\"Next slide\"\n\t\t\t\t\tdata-role=\"none\"\n\t\t\t\t\ttabindex=\"0\"\n\t\t\t\t>\n\t\t\t\t\t<span class=\"screen-reader-text\">Next slide<\/span>\n\t\t\t\t\t\t\t\t<svg class=\"spectra-icon\" xmlns=\"https:\/\/www.w3.org\/2000\/svg\" viewBox= \"0 0 448 512\"\n\t\t\t\t focusable=\"false\" aria-hidden=\"true\"\t\t\t><path d=\"M438.6 278.6l-160 160C272.4 444.9 264.2 448 256 448s-16.38-3.125-22.62-9.375c-12.5-12.5-12.5-32.75 0-45.25L338.8 288H32C14.33 288 .0016 273.7 .0016 256S14.33 224 32 224h306.8l-105.4-105.4c-12.5-12.5-12.5-32.75 0-45.25s32.75-12.5 45.25 0l160 160C451.1 245.9 451.1 266.1 438.6 278.6z\"><\/path><\/svg>\n\t\t\t\t\t\t\t<\/div>\n\t\t\t<\/div>\n\t\t\n\t\t\t\t\t<div \n\t\t\t\tclass=\"swiper-pagination\" \n\t\t\t\trole=\"tablist\" \n\t\t\t\taria-label=\"Slider pagination\"\n\t\t\t\tdata-role=\"none\"\n\t\t\t><\/div>\n\t\t\t<\/div>\n<\/div>\n\n\n\n<figure data-spectra-id=\"spectra-mnxmhsee-krc0nh\" class=\"wp-block-image size-full\"><img loading=\"lazy\" decoding=\"async\" width=\"597\" height=\"540\" src=\"https:\/\/www.borghiospitali.org\/wp-content\/uploads\/2026\/04\/ALTINO_.png\" alt=\"ALTINO\" class=\"wp-image-634\" title=\"ALTINO\" srcset=\"https:\/\/www.borghiospitali.org\/wp-content\/uploads\/2026\/04\/ALTINO_.png 597w, https:\/\/www.borghiospitali.org\/wp-content\/uploads\/2026\/04\/ALTINO_-300x271.png 300w\" sizes=\"(max-width: 597px) 100vw, 597px\" \/><\/figure>\n\t\t\t\t\t\t\t\t<\/div>\n\t\t\t\t<\/div>\n\t\t\t\t\t<\/div>\n\t\t\t\t<\/div>\n\t\t\t\t<\/div>\n\t\t","protected":false},"excerpt":{"rendered":"<p>Il borgo di Altino, risalente all\u2019epoca medioevale, \u00e8 situato su uno sperone roccioso ed \u00e8 circondato da paesaggi meravigliosi; percorribile sia a piedi che in macchina, presenta numerosi vicoli e stradine. Tra le antiche abitazioni assumono rilevanza significativa palazzi nobiliari con numerosi dipinti e oggetti storici. Secondo quanto narrato da una leggenda, Altino sarebbe stata [&hellip;]<\/p>\n","protected":false},"author":1,"featured_media":0,"parent":0,"menu_order":0,"comment_status":"closed","ping_status":"closed","template":"","meta":{"_uag_custom_page_level_css":"","site-sidebar-layout":"default","site-content-layout":"","ast-site-content-layout":"default","site-content-style":"default","site-sidebar-style":"default","ast-global-header-display":"","ast-banner-title-visibility":"","ast-main-header-display":"","ast-hfb-above-header-display":"","ast-hfb-below-header-display":"","ast-hfb-mobile-header-display":"","site-post-title":"","ast-breadcrumbs-content":"","ast-featured-img":"","footer-sml-layout":"","ast-disable-related-posts":"","theme-transparent-header-meta":"","adv-header-id-meta":"","stick-header-meta":"","header-above-stick-meta":"","header-main-stick-meta":"","header-below-stick-meta":"","astra-migrate-meta-layouts":"default","ast-page-background-enabled":"default","ast-page-background-meta":{"desktop":{"background-color":"","background-image":"","background-repeat":"repeat","background-position":"center center","background-size":"auto","background-attachment":"scroll","background-type":"","background-media":"","overlay-type":"","overlay-color":"","overlay-opacity":"","overlay-gradient":""},"tablet":{"background-color":"","background-image":"","background-repeat":"repeat","background-position":"center center","background-size":"auto","background-attachment":"scroll","background-type":"","background-media":"","overlay-type":"","overlay-color":"","overlay-opacity":"","overlay-gradient":""},"mobile":{"background-color":"","background-image":"","background-repeat":"repeat","background-position":"center center","background-size":"auto","background-attachment":"scroll","background-type":"","background-media":"","overlay-type":"","overlay-color":"","overlay-opacity":"","overlay-gradient":""}},"ast-content-background-meta":{"desktop":{"background-color":"var(--ast-global-color-5)","background-image":"","background-repeat":"repeat","background-position":"center center","background-size":"auto","background-attachment":"scroll","background-type":"","background-media":"","overlay-type":"","overlay-color":"","overlay-opacity":"","overlay-gradient":""},"tablet":{"background-color":"var(--ast-global-color-5)","background-image":"","background-repeat":"repeat","background-position":"center center","background-size":"auto","background-attachment":"scroll","background-type":"","background-media":"","overlay-type":"","overlay-color":"","overlay-opacity":"","overlay-gradient":""},"mobile":{"background-color":"var(--ast-global-color-5)","background-image":"","background-repeat":"repeat","background-position":"center center","background-size":"auto","background-attachment":"scroll","background-type":"","background-media":"","overlay-type":"","overlay-color":"","overlay-opacity":"","overlay-gradient":""}},"footnotes":""},"class_list":["post-630","page","type-page","status-publish","hentry"],"uagb_featured_image_src":{"full":false,"thumbnail":false,"medium":false,"medium_large":false,"large":false,"1536x1536":false,"2048x2048":false,"trp-custom-language-flag":false},"uagb_author_info":{"display_name":"www.borghiospitali.org","author_link":"https:\/\/www.borghiospitali.org\/?author=1"},"uagb_comment_info":0,"uagb_excerpt":"Il borgo di Altino, risalente all\u2019epoca medioevale, \u00e8 situato su uno sperone roccioso ed \u00e8 circondato da paesaggi meravigliosi; percorribile sia a piedi che in macchina, presenta numerosi vicoli e stradine. Tra le antiche abitazioni assumono rilevanza significativa palazzi nobiliari con numerosi dipinti e oggetti storici. Secondo quanto narrato da una leggenda, Altino sarebbe stata&hellip;","_links":{"self":[{"href":"https:\/\/www.borghiospitali.org\/index.php?rest_route=\/wp\/v2\/pages\/630","targetHints":{"allow":["GET"]}}],"collection":[{"href":"https:\/\/www.borghiospitali.org\/index.php?rest_route=\/wp\/v2\/pages"}],"about":[{"href":"https:\/\/www.borghiospitali.org\/index.php?rest_route=\/wp\/v2\/types\/page"}],"author":[{"embeddable":true,"href":"https:\/\/www.borghiospitali.org\/index.php?rest_route=\/wp\/v2\/users\/1"}],"replies":[{"embeddable":true,"href":"https:\/\/www.borghiospitali.org\/index.php?rest_route=%2Fwp%2Fv2%2Fcomments&post=630"}],"version-history":[{"count":7,"href":"https:\/\/www.borghiospitali.org\/index.php?rest_route=\/wp\/v2\/pages\/630\/revisions"}],"predecessor-version":[{"id":1627,"href":"https:\/\/www.borghiospitali.org\/index.php?rest_route=\/wp\/v2\/pages\/630\/revisions\/1627"}],"wp:attachment":[{"href":"https:\/\/www.borghiospitali.org\/index.php?rest_route=%2Fwp%2Fv2%2Fmedia&parent=630"}],"curies":[{"name":"wp","href":"https:\/\/api.w.org\/{rel}","templated":true}]}}