{"id":682,"date":"2026-04-14T21:59:23","date_gmt":"2026-04-14T19:59:23","guid":{"rendered":"https:\/\/www.borghiospitali.org\/?page_id=682"},"modified":"2026-04-14T21:59:23","modified_gmt":"2026-04-14T19:59:23","slug":"ripa-teatina","status":"publish","type":"page","link":"https:\/\/www.borghiospitali.org\/?page_id=682","title":{"rendered":"RIPA TEATINA"},"content":{"rendered":"\n<hr class=\"wp-block-separator has-alpha-channel-opacity\"\/>\n\n\n\n<p>Il paese si trova su una collina ed \u00e8 circondato da altre alture e da ampie vallate interamente tappezzate dalle tipiche coltivazioni della zona. L&#8217;origine di Ripa Teatina risale ad uno dei primi insediamenti abitativi dei Marrucini, antico popolo italico. Nel 1484 Alfonso II d&#8217;Aragona, fa costruire a sue spese, a protezione del paese, grosse mura di cinta con torri di difesa ancora oggi esistenti. L&#8217;importanza delle torri \u00e8 testimoniata dal fatto che l&#8217;antico torrione in grossa muratura \u00e8 stato preso a simbolo del Comune ed \u00e8 rappresentato nei timbri e nel Gonfalone del Municipio di Ripa teatina.<\/p>\n\n\n\n<p><strong>Luoghi da visitare:<\/strong><\/p>\n\n\n\n<p><em>Convento di santa Maria della Piet\u00e0 &#8211; Chiesa Madre di San Pietro Apostolo &#8211; Dipinto Madonna del Sudore di Sangue &#8211; Statua raffigurante Santa Maria del Popolo \u2013<\/em><\/p>\n\n\n\n<p><em>&nbsp;Palazzo Monaco- Palazzo Angelucci -Esposizione in onore di Rocky Marciano e Rocky Mattioli, allestita all\u2019interno de Torrione &#8211; La statua di Rocky Marciano che celebra il famoso pugile originario del paese.<\/em><\/p>\n\n\n\n<p><strong>Contatti<\/strong>: Segreteria sindaco, tel. +39 0871 391542<\/p>\n\n\n\n<p>&nbsp;&nbsp;&nbsp;&nbsp;&nbsp;&nbsp;&nbsp;&nbsp;&nbsp;&nbsp;&nbsp;&nbsp;&nbsp;&nbsp; &nbsp;&nbsp; sindaco@comune.ripateatina.ch.it<\/p>\n\n\n\n<div data-spectra-id=\"spectra-mnxngm08-demzry\" style=\"--spectra-text-color: inherit; --spectra-overlay-opacity: 100;\" class=\"spectra-overlay-color spectra-text-color spectra-dim-ratio wp-block-spectra-slider\" id=\"spectra-slider-4\" data-swiper=\"{&quot;slidesPerView&quot;:1,&quot;spaceBetween&quot;:30,&quot;loop&quot;:false,&quot;navigation&quot;:{&quot;enabled&quot;:true,&quot;nextEl&quot;:&quot;.swiper-button-next&quot;,&quot;prevEl&quot;:&quot;.swiper-button-prev&quot;},&quot;pagination&quot;:{&quot;enabled&quot;:true,&quot;el&quot;:&quot;.swiper-pagination&quot;,&quot;clickable&quot;:true},&quot;autoplay&quot;:false,&quot;allowTouchMove&quot;:true,&quot;breakpoints&quot;:{&quot;0&quot;:{&quot;slidesPerView&quot;:1,&quot;spaceBetween&quot;:30},&quot;768&quot;:{&quot;slidesPerView&quot;:1,&quot;spaceBetween&quot;:30},&quot;1024&quot;:{&quot;slidesPerView&quot;:1,&quot;spaceBetween&quot;:30}}}\" data-modules=\"[]\">\n\n\t<div class=\"spectra-slider-container\">\n\t\t<div class=\"swiper\">\n\t\t\t<div class=\"swiper-wrapper\" aria-live=\"polite\">\n\t\t\t\t\n\n<div data-spectra-id=\"spectra-mnxngm0u-cad82k\" style=\"--spectra-overlay-opacity: 100\" class=\"swiper-slide spectra-overlay-color spectra-dim-ratio wp-block-spectra-slider-child\" id=\"spectra-slider-1\">\n\t\t<div class=\"slide-content\">\n\t\t\n\n<figure data-spectra-id=\"spectra-mnxngnla-2wdl6b\" class=\"wp-block-image size-large\"><img fetchpriority=\"high\" decoding=\"async\" width=\"1024\" height=\"768\" src=\"https:\/\/www.borghiospitali.org\/wp-content\/uploads\/2026\/04\/Ripa10-1024x768.jpg\" alt=\"Ripa10 1024x768\" class=\"wp-image-683\" title=\"RIPA TEATINA\" srcset=\"https:\/\/www.borghiospitali.org\/wp-content\/uploads\/2026\/04\/Ripa10-1024x768.jpg 1024w, https:\/\/www.borghiospitali.org\/wp-content\/uploads\/2026\/04\/Ripa10-300x225.jpg 300w, https:\/\/www.borghiospitali.org\/wp-content\/uploads\/2026\/04\/Ripa10-768x576.jpg 768w, https:\/\/www.borghiospitali.org\/wp-content\/uploads\/2026\/04\/Ripa10-1536x1152.jpg 1536w, https:\/\/www.borghiospitali.org\/wp-content\/uploads\/2026\/04\/Ripa10.jpg 1600w\" sizes=\"(max-width: 1024px) 100vw, 1024px\" \/><\/figure>\n\n\t<\/div>\n<\/div>\n\n\n\n<div data-spectra-id=\"spectra-mnxngm0v-dozeaj\" style=\"--spectra-overlay-opacity: 100\" class=\"swiper-slide spectra-overlay-color spectra-dim-ratio wp-block-spectra-slider-child\" id=\"spectra-slider-2\">\n\t\t<div class=\"slide-content\">\n\t\t\n\n<figure data-spectra-id=\"spectra-mnxnh1do-5l762k\" class=\"wp-block-image size-large\"><img decoding=\"async\" width=\"1024\" height=\"413\" src=\"https:\/\/www.borghiospitali.org\/wp-content\/uploads\/2026\/04\/Ripa13-1024x413.jpg\" alt=\"Ripa13 1024x413\" class=\"wp-image-684\" title=\"RIPA TEATINA\" srcset=\"https:\/\/www.borghiospitali.org\/wp-content\/uploads\/2026\/04\/Ripa13-1024x413.jpg 1024w, https:\/\/www.borghiospitali.org\/wp-content\/uploads\/2026\/04\/Ripa13-300x121.jpg 300w, https:\/\/www.borghiospitali.org\/wp-content\/uploads\/2026\/04\/Ripa13-768x310.jpg 768w, https:\/\/www.borghiospitali.org\/wp-content\/uploads\/2026\/04\/Ripa13-1536x619.jpg 1536w, https:\/\/www.borghiospitali.org\/wp-content\/uploads\/2026\/04\/Ripa13.jpg 1600w\" sizes=\"(max-width: 1024px) 100vw, 1024px\" \/><\/figure>\n\n\t<\/div>\n<\/div>\n\n\n\n<div data-spectra-id=\"spectra-mnxngm0x-a99xbz\" style=\"--spectra-overlay-opacity: 100\" class=\"swiper-slide spectra-overlay-color spectra-dim-ratio wp-block-spectra-slider-child\" id=\"spectra-slider-3\">\n\t\t<div class=\"slide-content\">\n\t\t\n\n<figure data-spectra-id=\"spectra-mnxnh6vl-9j22h8\" class=\"wp-block-image size-full\"><img decoding=\"async\" width=\"275\" height=\"183\" src=\"https:\/\/www.borghiospitali.org\/wp-content\/uploads\/2026\/04\/Ripa14.jpg\" alt=\"Ripa14\" class=\"wp-image-685\" title=\"RIPA TEATINA\"><\/figure>\n\n\t<\/div>\n<\/div>\n\n\t\t\t<\/div>\n\t\t<\/div>\n\n\t\t\t\t\t<div class=\"spectra-slider-navigation\" role=\"group\" aria-label=\"Slider navigation controls\">\n\t\t\t\t<div \n\t\t\t\t\tclass=\"swiper-button-prev\" \n\t\t\t\t\trole=\"button\"\n\t\t\t\t\taria-label=\"Previous slide\"\n\t\t\t\t\tdata-role=\"none\"\n\t\t\t\t\ttabindex=\"0\"\n\t\t\t\t>\n\t\t\t\t\t<span class=\"screen-reader-text\">Previous slide<\/span>\n\t\t\t\t\t\t\t\t<svg class=\"spectra-icon\" xmlns=\"https:\/\/www.w3.org\/2000\/svg\" viewBox= \"0 0 448 512\"\n\t\t\t\t focusable=\"false\" aria-hidden=\"true\"\t\t\t><path d=\"M447.1 256C447.1 273.7 433.7 288 416 288H109.3l105.4 105.4c12.5 12.5 12.5 32.75 0 45.25C208.4 444.9 200.2 448 192 448s-16.38-3.125-22.62-9.375l-160-160c-12.5-12.5-12.5-32.75 0-45.25l160-160c12.5-12.5 32.75-12.5 45.25 0s12.5 32.75 0 45.25L109.3 224H416C433.7 224 447.1 238.3 447.1 256z\"><\/path><\/svg>\n\t\t\t\t\t\t\t<\/div>\n\t\t\t\t<div \n\t\t\t\t\tclass=\"swiper-button-next\" \n\t\t\t\t\trole=\"button\"\n\t\t\t\t\taria-label=\"Next slide\"\n\t\t\t\t\tdata-role=\"none\"\n\t\t\t\t\ttabindex=\"0\"\n\t\t\t\t>\n\t\t\t\t\t<span class=\"screen-reader-text\">Next slide<\/span>\n\t\t\t\t\t\t\t\t<svg class=\"spectra-icon\" xmlns=\"https:\/\/www.w3.org\/2000\/svg\" viewBox= \"0 0 448 512\"\n\t\t\t\t focusable=\"false\" aria-hidden=\"true\"\t\t\t><path d=\"M438.6 278.6l-160 160C272.4 444.9 264.2 448 256 448s-16.38-3.125-22.62-9.375c-12.5-12.5-12.5-32.75 0-45.25L338.8 288H32C14.33 288 .0016 273.7 .0016 256S14.33 224 32 224h306.8l-105.4-105.4c-12.5-12.5-12.5-32.75 0-45.25s32.75-12.5 45.25 0l160 160C451.1 245.9 451.1 266.1 438.6 278.6z\"><\/path><\/svg>\n\t\t\t\t\t\t\t<\/div>\n\t\t\t<\/div>\n\t\t\n\t\t\t\t\t<div \n\t\t\t\tclass=\"swiper-pagination\" \n\t\t\t\trole=\"tablist\" \n\t\t\t\taria-label=\"Slider pagination\"\n\t\t\t\tdata-role=\"none\"\n\t\t\t><\/div>\n\t\t\t<\/div>\n<\/div>\n\n\n\n<figure data-spectra-id=\"spectra-mnxni5dv-ih21oe\" class=\"wp-block-image size-large\"><img loading=\"lazy\" decoding=\"async\" width=\"1024\" height=\"510\" src=\"https:\/\/www.borghiospitali.org\/wp-content\/uploads\/2026\/04\/percorso-vino-1024x510.png\" alt=\"Percorso Vino 1024x510\" class=\"wp-image-605\" title=\"RIPA TEATINA\" srcset=\"https:\/\/www.borghiospitali.org\/wp-content\/uploads\/2026\/04\/percorso-vino-1024x510.png 1024w, https:\/\/www.borghiospitali.org\/wp-content\/uploads\/2026\/04\/percorso-vino-300x149.png 300w, https:\/\/www.borghiospitali.org\/wp-content\/uploads\/2026\/04\/percorso-vino-768x383.png 768w, https:\/\/www.borghiospitali.org\/wp-content\/uploads\/2026\/04\/percorso-vino.png 1028w\" sizes=\"(max-width: 1024px) 100vw, 1024px\" \/><\/figure>\n\n\n\n<figure data-spectra-id=\"spectra-mnxnhey2-u5hedm\" class=\"wp-block-image size-full\"><img loading=\"lazy\" decoding=\"async\" width=\"612\" height=\"443\" src=\"https:\/\/www.borghiospitali.org\/wp-content\/uploads\/2026\/04\/RIPA_TEATINA.png\" alt=\"RIPA TEATINA\" class=\"wp-image-686\" title=\"RIPA TEATINA\" srcset=\"https:\/\/www.borghiospitali.org\/wp-content\/uploads\/2026\/04\/RIPA_TEATINA.png 612w, https:\/\/www.borghiospitali.org\/wp-content\/uploads\/2026\/04\/RIPA_TEATINA-300x217.png 300w\" sizes=\"(max-width: 612px) 100vw, 612px\" \/><\/figure>\n","protected":false},"excerpt":{"rendered":"<p>Il paese si trova su una collina ed \u00e8 circondato da altre alture e da ampie vallate interamente tappezzate dalle tipiche coltivazioni della zona. L&#8217;origine di Ripa Teatina risale ad uno dei primi insediamenti abitativi dei Marrucini, antico popolo italico. Nel 1484 Alfonso II d&#8217;Aragona, fa costruire a sue spese, a protezione del paese, grosse [&hellip;]<\/p>\n","protected":false},"author":1,"featured_media":0,"parent":0,"menu_order":0,"comment_status":"closed","ping_status":"closed","template":"","meta":{"_uag_custom_page_level_css":"","site-sidebar-layout":"default","site-content-layout":"","ast-site-content-layout":"default","site-content-style":"default","site-sidebar-style":"default","ast-global-header-display":"","ast-banner-title-visibility":"","ast-main-header-display":"","ast-hfb-above-header-display":"","ast-hfb-below-header-display":"","ast-hfb-mobile-header-display":"","site-post-title":"","ast-breadcrumbs-content":"","ast-featured-img":"","footer-sml-layout":"","ast-disable-related-posts":"","theme-transparent-header-meta":"","adv-header-id-meta":"","stick-header-meta":"","header-above-stick-meta":"","header-main-stick-meta":"","header-below-stick-meta":"","astra-migrate-meta-layouts":"default","ast-page-background-enabled":"default","ast-page-background-meta":{"desktop":{"background-color":"","background-image":"","background-repeat":"repeat","background-position":"center center","background-size":"auto","background-attachment":"scroll","background-type":"","background-media":"","overlay-type":"","overlay-color":"","overlay-opacity":"","overlay-gradient":""},"tablet":{"background-color":"","background-image":"","background-repeat":"repeat","background-position":"center center","background-size":"auto","background-attachment":"scroll","background-type":"","background-media":"","overlay-type":"","overlay-color":"","overlay-opacity":"","overlay-gradient":""},"mobile":{"background-color":"","background-image":"","background-repeat":"repeat","background-position":"center center","background-size":"auto","background-attachment":"scroll","background-type":"","background-media":"","overlay-type":"","overlay-color":"","overlay-opacity":"","overlay-gradient":""}},"ast-content-background-meta":{"desktop":{"background-color":"var(--ast-global-color-5)","background-image":"","background-repeat":"repeat","background-position":"center center","background-size":"auto","background-attachment":"scroll","background-type":"","background-media":"","overlay-type":"","overlay-color":"","overlay-opacity":"","overlay-gradient":""},"tablet":{"background-color":"var(--ast-global-color-5)","background-image":"","background-repeat":"repeat","background-position":"center center","background-size":"auto","background-attachment":"scroll","background-type":"","background-media":"","overlay-type":"","overlay-color":"","overlay-opacity":"","overlay-gradient":""},"mobile":{"background-color":"var(--ast-global-color-5)","background-image":"","background-repeat":"repeat","background-position":"center center","background-size":"auto","background-attachment":"scroll","background-type":"","background-media":"","overlay-type":"","overlay-color":"","overlay-opacity":"","overlay-gradient":""}},"footnotes":""},"class_list":["post-682","page","type-page","status-publish","hentry"],"uagb_featured_image_src":{"full":false,"thumbnail":false,"medium":false,"medium_large":false,"large":false,"1536x1536":false,"2048x2048":false,"trp-custom-language-flag":false},"uagb_author_info":{"display_name":"www.borghiospitali.org","author_link":"https:\/\/www.borghiospitali.org\/?author=1"},"uagb_comment_info":0,"uagb_excerpt":"Il paese si trova su una collina ed \u00e8 circondato da altre alture e da ampie vallate interamente tappezzate dalle tipiche coltivazioni della zona. L&#8217;origine di Ripa Teatina risale ad uno dei primi insediamenti abitativi dei Marrucini, antico popolo italico. Nel 1484 Alfonso II d&#8217;Aragona, fa costruire a sue spese, a protezione del paese, grosse&hellip;","_links":{"self":[{"href":"https:\/\/www.borghiospitali.org\/index.php?rest_route=\/wp\/v2\/pages\/682","targetHints":{"allow":["GET"]}}],"collection":[{"href":"https:\/\/www.borghiospitali.org\/index.php?rest_route=\/wp\/v2\/pages"}],"about":[{"href":"https:\/\/www.borghiospitali.org\/index.php?rest_route=\/wp\/v2\/types\/page"}],"author":[{"embeddable":true,"href":"https:\/\/www.borghiospitali.org\/index.php?rest_route=\/wp\/v2\/users\/1"}],"replies":[{"embeddable":true,"href":"https:\/\/www.borghiospitali.org\/index.php?rest_route=%2Fwp%2Fv2%2Fcomments&post=682"}],"version-history":[{"count":1,"href":"https:\/\/www.borghiospitali.org\/index.php?rest_route=\/wp\/v2\/pages\/682\/revisions"}],"predecessor-version":[{"id":687,"href":"https:\/\/www.borghiospitali.org\/index.php?rest_route=\/wp\/v2\/pages\/682\/revisions\/687"}],"wp:attachment":[{"href":"https:\/\/www.borghiospitali.org\/index.php?rest_route=%2Fwp%2Fv2%2Fmedia&parent=682"}],"curies":[{"name":"wp","href":"https:\/\/api.w.org\/{rel}","templated":true}]}}