{"id":709,"date":"2026-04-14T21:58:04","date_gmt":"2026-04-14T19:58:04","guid":{"rendered":"https:\/\/www.borghiospitali.org\/?page_id=709"},"modified":"2026-04-14T21:58:04","modified_gmt":"2026-04-14T19:58:04","slug":"poggiofiorito","status":"publish","type":"page","link":"https:\/\/www.borghiospitali.org\/?page_id=709","title":{"rendered":"POGGIOFIORITO"},"content":{"rendered":"\n<hr class=\"wp-block-separator has-alpha-channel-opacity\"\/>\n\n\n\n<p>\u00c8 un piccolo paese collinare posto a met\u00e0 dell\u2019asse Marrucino che collega Ortona a Guardiagrele, ricco di vigneti ed uliveti. La storia di Poggiofiorito \u00e8 stata sempre collegata a quella della vicina Arielli, popolata dai feudatari dei Baroni di Arielli. Il paese ha cambiano varie denominazioni: Casale nel 1522, Villanova nel 1592, Villanova di Arielli, Viallarielli, Vill\u2019Arielli e solo il 31 luglio 1911, con il Regio Decreto, si separa da Arielli diventando Comune con il nome di Poggiofiorito. Nel territorio comunale, in particolare lungo il Regio Tratturo Magno, sono stati ritrovati frammenti di vasellame, mosaici, ceppi funerari tutti risalenti all\u2019epoca romana. Inoltre, \u00e8 stata ritrovata una statuetta di 12 cm raffigurante Ercole, divinit\u00e0 romana del I e II sec. a.C., attualmente esposta al Museo Civico della Civitella di Chieti.&nbsp; La parte pi\u00f9 antica del paese viene tutt\u2019ora chiamata \u201cLanciana Vicchie\u201d (Lanciano Vecchia). Alla fine del 1488 alcuni abitanti turbolenti: ladri, schiavoni, ma anche ebrei, slavi, ecc. vennero allontanati da Lanciano e trovarono rifugio nei territori limitrofi, arrivando anche nel territorio di Casale, l\u2019attuale Poggiofiorito. Il paese nella Seconda guerra mondiale fu quasi del tutto raso al suolo dai pesanti bombardamenti che hanno impegnato la linea Gustav. Anche la Chiesa di San Matteo Apostolo, risalente al 1592, fu completamente distrutta.<\/p>\n\n\n\n<p><strong>Luoghi di interesse:<\/strong><\/p>\n\n\n\n<p><em>Chiesa di San Matteo Apostolo &#8211; Giardino pubblico &#8211; Ex palazzo comunale &#8211; Fonte Santa Maria &#8211; Museo del Folclore &#8211; Archivio Associazione Culturale \u201cTommaso Coccione\u201d.<\/em><\/p>\n\n\n\n<p><strong>Contatti: <\/strong>Raffaella Coccione, tel. +39 349 664 1382<\/p>\n\n\n\n<p>&nbsp;&nbsp;&nbsp;&nbsp;&nbsp;&nbsp;&nbsp;&nbsp;&nbsp;&nbsp;&nbsp;&nbsp;&nbsp;&nbsp;&nbsp;&nbsp;&nbsp;&nbsp;&nbsp;&nbsp; raffaellacoccione@gmail.com<\/p>\n\n\n\n<hr class=\"wp-block-separator has-alpha-channel-opacity\"\/>\n\n\n\n<div data-spectra-id=\"spectra-mnxnu1l2-6z8rkb\" style=\"--spectra-text-color: inherit; --spectra-overlay-opacity: 100;\" class=\"spectra-overlay-color spectra-text-color spectra-dim-ratio wp-block-spectra-slider\" id=\"spectra-slider-4\" data-swiper=\"{&quot;slidesPerView&quot;:1,&quot;spaceBetween&quot;:30,&quot;loop&quot;:false,&quot;navigation&quot;:{&quot;enabled&quot;:true,&quot;nextEl&quot;:&quot;.swiper-button-next&quot;,&quot;prevEl&quot;:&quot;.swiper-button-prev&quot;},&quot;pagination&quot;:{&quot;enabled&quot;:true,&quot;el&quot;:&quot;.swiper-pagination&quot;,&quot;clickable&quot;:true},&quot;autoplay&quot;:false,&quot;allowTouchMove&quot;:true,&quot;breakpoints&quot;:{&quot;0&quot;:{&quot;slidesPerView&quot;:1,&quot;spaceBetween&quot;:30},&quot;768&quot;:{&quot;slidesPerView&quot;:1,&quot;spaceBetween&quot;:30},&quot;1024&quot;:{&quot;slidesPerView&quot;:1,&quot;spaceBetween&quot;:30}}}\" data-modules=\"[]\">\n\n\t<div class=\"spectra-slider-container\">\n\t\t<div class=\"swiper\">\n\t\t\t<div class=\"swiper-wrapper\" aria-live=\"polite\">\n\t\t\t\t\n\n<div data-spectra-id=\"spectra-mnxnu1lo-yofwvv\" style=\"--spectra-overlay-opacity: 100\" class=\"swiper-slide spectra-overlay-color spectra-dim-ratio wp-block-spectra-slider-child\" id=\"spectra-slider-1\">\n\t\t<div class=\"slide-content\">\n\t\t\n\n<figure data-spectra-id=\"spectra-mnxnu56d-a1jwkm\" class=\"wp-block-image size-full\"><img fetchpriority=\"high\" decoding=\"async\" width=\"700\" height=\"240\" src=\"https:\/\/www.borghiospitali.org\/wp-content\/uploads\/2026\/04\/poggio1.png\" alt=\"Poggio1\" class=\"wp-image-710\" title=\"POGGIOFIORITO\" srcset=\"https:\/\/www.borghiospitali.org\/wp-content\/uploads\/2026\/04\/poggio1.png 700w, https:\/\/www.borghiospitali.org\/wp-content\/uploads\/2026\/04\/poggio1-300x103.png 300w\" sizes=\"(max-width: 700px) 100vw, 700px\" \/><\/figure>\n\n\t<\/div>\n<\/div>\n\n\n\n<div data-spectra-id=\"spectra-mnxnu1lq-fnptsy\" style=\"--spectra-overlay-opacity: 100\" class=\"swiper-slide spectra-overlay-color spectra-dim-ratio wp-block-spectra-slider-child\" id=\"spectra-slider-2\">\n\t\t<div class=\"slide-content\">\n\t\t\n\n<figure data-spectra-id=\"spectra-mnxnuf0u-t6jhxd\" class=\"wp-block-image size-full\"><img decoding=\"async\" width=\"554\" height=\"278\" src=\"https:\/\/www.borghiospitali.org\/wp-content\/uploads\/2026\/04\/POGGIOFIORITO.jpg\" alt=\"POGGIOFIORITO\" class=\"wp-image-711\" title=\"POGGIOFIORITO\" srcset=\"https:\/\/www.borghiospitali.org\/wp-content\/uploads\/2026\/04\/POGGIOFIORITO.jpg 554w, https:\/\/www.borghiospitali.org\/wp-content\/uploads\/2026\/04\/POGGIOFIORITO-300x151.jpg 300w\" sizes=\"(max-width: 554px) 100vw, 554px\" \/><\/figure>\n\n\t<\/div>\n<\/div>\n\n\n\n<div data-spectra-id=\"spectra-mnxnu1lr-y151j2\" style=\"--spectra-overlay-opacity: 100\" class=\"swiper-slide spectra-overlay-color spectra-dim-ratio wp-block-spectra-slider-child\" id=\"spectra-slider-3\">\n\t\t<div class=\"slide-content\">\n\t\t\n\n<figure data-spectra-id=\"spectra-mnxnujvi-pcfczg\" class=\"wp-block-image size-large\"><img decoding=\"async\" width=\"1024\" height=\"680\" src=\"https:\/\/www.borghiospitali.org\/wp-content\/uploads\/2026\/04\/Poggiofiorito1-1024x680.jpg\" alt=\"Poggiofiorito1 1024x680\" class=\"wp-image-712\" title=\"POGGIOFIORITO\" srcset=\"https:\/\/www.borghiospitali.org\/wp-content\/uploads\/2026\/04\/Poggiofiorito1-1024x680.jpg 1024w, https:\/\/www.borghiospitali.org\/wp-content\/uploads\/2026\/04\/Poggiofiorito1-300x199.jpg 300w, https:\/\/www.borghiospitali.org\/wp-content\/uploads\/2026\/04\/Poggiofiorito1-768x510.jpg 768w, https:\/\/www.borghiospitali.org\/wp-content\/uploads\/2026\/04\/Poggiofiorito1-1536x1020.jpg 1536w, https:\/\/www.borghiospitali.org\/wp-content\/uploads\/2026\/04\/Poggiofiorito1-2048x1360.jpg 2048w\" sizes=\"(max-width: 1024px) 100vw, 1024px\" \/><\/figure>\n\n\t<\/div>\n<\/div>\n\n\t\t\t<\/div>\n\t\t<\/div>\n\n\t\t\t\t\t<div class=\"spectra-slider-navigation\" role=\"group\" aria-label=\"Slider navigation controls\">\n\t\t\t\t<div \n\t\t\t\t\tclass=\"swiper-button-prev\" \n\t\t\t\t\trole=\"button\"\n\t\t\t\t\taria-label=\"Previous slide\"\n\t\t\t\t\tdata-role=\"none\"\n\t\t\t\t\ttabindex=\"0\"\n\t\t\t\t>\n\t\t\t\t\t<span class=\"screen-reader-text\">Previous slide<\/span>\n\t\t\t\t\t\t\t\t<svg class=\"spectra-icon\" xmlns=\"https:\/\/www.w3.org\/2000\/svg\" viewBox= \"0 0 448 512\"\n\t\t\t\t focusable=\"false\" aria-hidden=\"true\"\t\t\t><path d=\"M447.1 256C447.1 273.7 433.7 288 416 288H109.3l105.4 105.4c12.5 12.5 12.5 32.75 0 45.25C208.4 444.9 200.2 448 192 448s-16.38-3.125-22.62-9.375l-160-160c-12.5-12.5-12.5-32.75 0-45.25l160-160c12.5-12.5 32.75-12.5 45.25 0s12.5 32.75 0 45.25L109.3 224H416C433.7 224 447.1 238.3 447.1 256z\"><\/path><\/svg>\n\t\t\t\t\t\t\t<\/div>\n\t\t\t\t<div \n\t\t\t\t\tclass=\"swiper-button-next\" \n\t\t\t\t\trole=\"button\"\n\t\t\t\t\taria-label=\"Next slide\"\n\t\t\t\t\tdata-role=\"none\"\n\t\t\t\t\ttabindex=\"0\"\n\t\t\t\t>\n\t\t\t\t\t<span class=\"screen-reader-text\">Next slide<\/span>\n\t\t\t\t\t\t\t\t<svg class=\"spectra-icon\" xmlns=\"https:\/\/www.w3.org\/2000\/svg\" viewBox= \"0 0 448 512\"\n\t\t\t\t focusable=\"false\" aria-hidden=\"true\"\t\t\t><path d=\"M438.6 278.6l-160 160C272.4 444.9 264.2 448 256 448s-16.38-3.125-22.62-9.375c-12.5-12.5-12.5-32.75 0-45.25L338.8 288H32C14.33 288 .0016 273.7 .0016 256S14.33 224 32 224h306.8l-105.4-105.4c-12.5-12.5-12.5-32.75 0-45.25s32.75-12.5 45.25 0l160 160C451.1 245.9 451.1 266.1 438.6 278.6z\"><\/path><\/svg>\n\t\t\t\t\t\t\t<\/div>\n\t\t\t<\/div>\n\t\t\n\t\t\t\t\t<div \n\t\t\t\tclass=\"swiper-pagination\" \n\t\t\t\trole=\"tablist\" \n\t\t\t\taria-label=\"Slider pagination\"\n\t\t\t\tdata-role=\"none\"\n\t\t\t><\/div>\n\t\t\t<\/div>\n<\/div>\n\n\n\n<hr class=\"wp-block-separator has-alpha-channel-opacity\"\/>\n\n\n\n<figure data-spectra-id=\"spectra-mnxnut0y-hi4bjq\" class=\"wp-block-image size-large\"><img loading=\"lazy\" decoding=\"async\" width=\"1024\" height=\"510\" src=\"https:\/\/www.borghiospitali.org\/wp-content\/uploads\/2026\/04\/percorso-vino-1024x510.png\" alt=\"Percorso Vino 1024x510\" class=\"wp-image-605\" title=\"POGGIOFIORITO\" srcset=\"https:\/\/www.borghiospitali.org\/wp-content\/uploads\/2026\/04\/percorso-vino-1024x510.png 1024w, https:\/\/www.borghiospitali.org\/wp-content\/uploads\/2026\/04\/percorso-vino-300x149.png 300w, https:\/\/www.borghiospitali.org\/wp-content\/uploads\/2026\/04\/percorso-vino-768x383.png 768w, https:\/\/www.borghiospitali.org\/wp-content\/uploads\/2026\/04\/percorso-vino.png 1028w\" sizes=\"(max-width: 1024px) 100vw, 1024px\" \/><\/figure>\n\n\n\n<hr class=\"wp-block-separator has-alpha-channel-opacity\"\/>\n\n\n\n<figure data-spectra-id=\"spectra-mnxnv1vt-wo3a7f\" class=\"wp-block-image size-full\"><img loading=\"lazy\" decoding=\"async\" width=\"638\" height=\"593\" src=\"https:\/\/www.borghiospitali.org\/wp-content\/uploads\/2026\/04\/POGGIOFIORITO.png\" alt=\"POGGIOFIORITO\" class=\"wp-image-713\" title=\"POGGIOFIORITO\" srcset=\"https:\/\/www.borghiospitali.org\/wp-content\/uploads\/2026\/04\/POGGIOFIORITO.png 638w, https:\/\/www.borghiospitali.org\/wp-content\/uploads\/2026\/04\/POGGIOFIORITO-300x279.png 300w\" sizes=\"(max-width: 638px) 100vw, 638px\" \/><\/figure>\n","protected":false},"excerpt":{"rendered":"<p>\u00c8 un piccolo paese collinare posto a met\u00e0 dell\u2019asse Marrucino che collega Ortona a Guardiagrele, ricco di vigneti ed uliveti. La storia di Poggiofiorito \u00e8 stata sempre collegata a quella della vicina Arielli, popolata dai feudatari dei Baroni di Arielli. Il paese ha cambiano varie denominazioni: Casale nel 1522, Villanova nel 1592, Villanova di Arielli, [&hellip;]<\/p>\n","protected":false},"author":1,"featured_media":0,"parent":0,"menu_order":0,"comment_status":"closed","ping_status":"closed","template":"","meta":{"_uag_custom_page_level_css":"","site-sidebar-layout":"default","site-content-layout":"","ast-site-content-layout":"default","site-content-style":"default","site-sidebar-style":"default","ast-global-header-display":"","ast-banner-title-visibility":"","ast-main-header-display":"","ast-hfb-above-header-display":"","ast-hfb-below-header-display":"","ast-hfb-mobile-header-display":"","site-post-title":"","ast-breadcrumbs-content":"","ast-featured-img":"","footer-sml-layout":"","ast-disable-related-posts":"","theme-transparent-header-meta":"","adv-header-id-meta":"","stick-header-meta":"","header-above-stick-meta":"","header-main-stick-meta":"","header-below-stick-meta":"","astra-migrate-meta-layouts":"default","ast-page-background-enabled":"default","ast-page-background-meta":{"desktop":{"background-color":"","background-image":"","background-repeat":"repeat","background-position":"center center","background-size":"auto","background-attachment":"scroll","background-type":"","background-media":"","overlay-type":"","overlay-color":"","overlay-opacity":"","overlay-gradient":""},"tablet":{"background-color":"","background-image":"","background-repeat":"repeat","background-position":"center center","background-size":"auto","background-attachment":"scroll","background-type":"","background-media":"","overlay-type":"","overlay-color":"","overlay-opacity":"","overlay-gradient":""},"mobile":{"background-color":"","background-image":"","background-repeat":"repeat","background-position":"center center","background-size":"auto","background-attachment":"scroll","background-type":"","background-media":"","overlay-type":"","overlay-color":"","overlay-opacity":"","overlay-gradient":""}},"ast-content-background-meta":{"desktop":{"background-color":"var(--ast-global-color-5)","background-image":"","background-repeat":"repeat","background-position":"center center","background-size":"auto","background-attachment":"scroll","background-type":"","background-media":"","overlay-type":"","overlay-color":"","overlay-opacity":"","overlay-gradient":""},"tablet":{"background-color":"var(--ast-global-color-5)","background-image":"","background-repeat":"repeat","background-position":"center center","background-size":"auto","background-attachment":"scroll","background-type":"","background-media":"","overlay-type":"","overlay-color":"","overlay-opacity":"","overlay-gradient":""},"mobile":{"background-color":"var(--ast-global-color-5)","background-image":"","background-repeat":"repeat","background-position":"center center","background-size":"auto","background-attachment":"scroll","background-type":"","background-media":"","overlay-type":"","overlay-color":"","overlay-opacity":"","overlay-gradient":""}},"footnotes":""},"class_list":["post-709","page","type-page","status-publish","hentry"],"uagb_featured_image_src":{"full":false,"thumbnail":false,"medium":false,"medium_large":false,"large":false,"1536x1536":false,"2048x2048":false,"trp-custom-language-flag":false},"uagb_author_info":{"display_name":"www.borghiospitali.org","author_link":"https:\/\/www.borghiospitali.org\/?author=1"},"uagb_comment_info":0,"uagb_excerpt":"\u00c8 un piccolo paese collinare posto a met\u00e0 dell\u2019asse Marrucino che collega Ortona a Guardiagrele, ricco di vigneti ed uliveti. La storia di Poggiofiorito \u00e8 stata sempre collegata a quella della vicina Arielli, popolata dai feudatari dei Baroni di Arielli. Il paese ha cambiano varie denominazioni: Casale nel 1522, Villanova nel 1592, Villanova di Arielli,&hellip;","_links":{"self":[{"href":"https:\/\/www.borghiospitali.org\/index.php?rest_route=\/wp\/v2\/pages\/709","targetHints":{"allow":["GET"]}}],"collection":[{"href":"https:\/\/www.borghiospitali.org\/index.php?rest_route=\/wp\/v2\/pages"}],"about":[{"href":"https:\/\/www.borghiospitali.org\/index.php?rest_route=\/wp\/v2\/types\/page"}],"author":[{"embeddable":true,"href":"https:\/\/www.borghiospitali.org\/index.php?rest_route=\/wp\/v2\/users\/1"}],"replies":[{"embeddable":true,"href":"https:\/\/www.borghiospitali.org\/index.php?rest_route=%2Fwp%2Fv2%2Fcomments&post=709"}],"version-history":[{"count":1,"href":"https:\/\/www.borghiospitali.org\/index.php?rest_route=\/wp\/v2\/pages\/709\/revisions"}],"predecessor-version":[{"id":714,"href":"https:\/\/www.borghiospitali.org\/index.php?rest_route=\/wp\/v2\/pages\/709\/revisions\/714"}],"wp:attachment":[{"href":"https:\/\/www.borghiospitali.org\/index.php?rest_route=%2Fwp%2Fv2%2Fmedia&parent=709"}],"curies":[{"name":"wp","href":"https:\/\/api.w.org\/{rel}","templated":true}]}}